{"id":472,"date":"2019-01-31T12:03:51","date_gmt":"2019-01-31T11:03:51","guid":{"rendered":"http:\/\/hkessen.com\/?page_id=472"},"modified":"2024-05-24T10:33:20","modified_gmt":"2024-05-24T08:33:20","slug":"links-2","status":"publish","type":"page","link":"https:\/\/hkessen.de\/?page_id=472","title":{"rendered":"Links"},"content":{"rendered":"<p>\n<!--StartFragment--><\/p>\n\n\n<p><strong>International<\/strong><\/p>\n\n\n\n<p><a href=\"https:\/\/www.ihf.info\/\" target=\"_blank\" rel=\"noreferrer noopener\">Internationale Handball-Federation<\/a><\/p>\n\n\n\n<p><a rel=\"noreferrer noopener\" href=\"https:\/\/www.eurohandball.com\/\" target=\"_blank\">Europ\u00e4ische Handball-Federation<\/a><\/p>\n\n\n\n<p><\/p>\n\n\n\n<p><strong>National<\/strong><\/p>\n\n\n\n<p><a href=\"https:\/\/www.dhb.de\/\" target=\"_blank\" rel=\"noreferrer noopener\">Deutscher Handball Bund<\/a><\/p>\n\n\n\n<p><a href=\"https:\/\/www.dkb-handball-bundesliga.de\/de\/\" target=\"_blank\" rel=\"noreferrer noopener\">Bundesliga-Vereinigung M\u00e4nner<\/a><\/p>\n\n\n\n<p><a rel=\"noreferrer noopener\" href=\"https:\/\/www.hbf-info.de\/\" target=\"_blank\">Bundesliga-Vereinigung Frauen<\/a><\/p>\n\n\n\n<p><\/p>\n\n\n\n<p><strong>Nachbarn im Niederrhein<\/strong><\/p>\n\n\n\n<p><a href=\"https:\/\/www.handballkreis-duesseldorf.de\/\" target=\"_blank\" rel=\"noreferrer noopener\">01 HK D\u00fcsseldorf<\/a><\/p>\n\n\n\n<p><a href=\"https:\/\/www.handballkreis-wuppertal-niederberg.de\/\" target=\"_blank\" rel=\"noreferrer noopener\">02 HK Wuppertal-Niederberg<\/a><\/p>\n\n\n\n<p><a href=\"https:\/\/www.bergischer-handballkreis.org\/\" target=\"_blank\" rel=\"noreferrer noopener\">03 Bergischer HK<\/a><\/p>\n\n\n\n<p><a rel=\"noreferrer noopener\" href=\"https:\/\/www.handballkreis-rhein-ruhr.de\/\" target=\"_blank\">04 HK Rhein-Ruhr<\/a><\/p>\n\n\n\n<p><a href=\"https:\/\/www.handballkreiswesel.de\/\" target=\"_blank\" rel=\"noreferrer noopener\">05 HK Wesel<\/a><\/p>\n\n\n\n<p><a href=\"https:\/\/www.handball-krefeld-grenzland.de\/\" target=\"_blank\" rel=\"noreferrer noopener\">06 HK Krefeld-Grenzland<\/a><\/p>\n\n\n\n<p><a rel=\"noreferrer noopener\" href=\"https:\/\/www.handballkreis-moenchengladbach.de\/\" target=\"_blank\">07 HK M\u00f6nchengladbach<\/a><\/p>\n\n\n\n<p><\/p>\n\n\n\n<p><strong>Dach- und Landesverb\u00e4nde<\/strong><\/p>\n\n\n\n<p><a href=\"https:\/\/www.westdeutscher-handball-verband.de\/\" target=\"_blank\" rel=\"noreferrer noopener\">Westdeutscher Handball-Verband<\/a><\/p>\n\n\n\n<p><a href=\"https:\/\/www.handball-nordrhein.de\/\" target=\"_blank\" rel=\"noreferrer noopener\">Handballverband Nordrhein<\/a><\/p>\n\n\n\n<p><a href=\"https:\/\/www.handballwestfalen.de\/\" target=\"_blank\" rel=\"noreferrer noopener\">Handballverband Westfalen<\/a><\/p>\n\n\n\n<p><\/p>\n\n\n\n<p><strong>Sonstiges<\/strong><\/p>\n\n\n\n<p><a href=\"https:\/\/essener-sportbund.de\/\" target=\"_blank\" rel=\"noreferrer noopener\" aria-label=\"Essener Sportbund (\u00f6ffnet in neuem Tab)\">Essener Sportbund<\/a><\/p>\n\n\n\n<p><a href=\"https:\/\/www.lsb-nrw.de\/\" target=\"_blank\" rel=\"noreferrer noopener\">LandesSportBund NRW<\/a><\/p>\n\n\n\n<p><a href=\"https:\/\/www.sporthilfe-nrw.de\/\" target=\"_blank\" rel=\"noreferrer noopener\">Sporthilfe NRW<\/a><\/p>\n\n\n\n<p><a href=\"https:\/\/www.sportstiftung-nrw.de\/\" target=\"_blank\" rel=\"noreferrer noopener\">Sportstiftung NRW<\/a><\/p>\n\n\n\n<p><a href=\"https:\/\/www.olympiastuetzpunkt.de\/\" target=\"_blank\" rel=\"noreferrer noopener\">Olympiast\u00fctzpunkt Rhein-Ruhr<\/a><\/p>\n\n\n\n<p><a href=\"https:\/\/www.sportland.nrw.de\/\" target=\"_blank\" rel=\"noreferrer noopener\">Ministerium des Landes NRW \u2013 Sportland NRW<\/a><\/p>\n\n\n\n<p><a href=\"https:\/\/www.fddh.de\/\" target=\"_blank\" rel=\"noreferrer noopener\">Freundeskreis des deutschen Handball<\/a><\/p>\n\n\n<p><!--EndFragment--><\/p>\n<\/p>","protected":false},"excerpt":{"rendered":"<p>International Internationale Handball-Federation Europ\u00e4ische Handball-Federation National Deutscher Handball Bund Bundesliga-Vereinigung M\u00e4nner Bundesliga-Vereinigung Frauen Nachbarn im Niederrhein 01 HK D\u00fcsseldorf 02 HK Wuppertal-Niederberg 03 Bergischer HK 04 HK Rhein-Ruhr 05 HK [&hellip;]<\/p>\n","protected":false},"author":1,"featured_media":0,"parent":450,"menu_order":0,"comment_status":"closed","ping_status":"closed","template":"","meta":{"footnotes":""},"class_list":["post-472","page","type-page","status-publish","hentry"],"_links":{"self":[{"href":"https:\/\/hkessen.de\/index.php?rest_route=\/wp\/v2\/pages\/472","targetHints":{"allow":["GET"]}}],"collection":[{"href":"https:\/\/hkessen.de\/index.php?rest_route=\/wp\/v2\/pages"}],"about":[{"href":"https:\/\/hkessen.de\/index.php?rest_route=\/wp\/v2\/types\/page"}],"author":[{"embeddable":true,"href":"https:\/\/hkessen.de\/index.php?rest_route=\/wp\/v2\/users\/1"}],"replies":[{"embeddable":true,"href":"https:\/\/hkessen.de\/index.php?rest_route=%2Fwp%2Fv2%2Fcomments&post=472"}],"version-history":[{"count":4,"href":"https:\/\/hkessen.de\/index.php?rest_route=\/wp\/v2\/pages\/472\/revisions"}],"predecessor-version":[{"id":1867,"href":"https:\/\/hkessen.de\/index.php?rest_route=\/wp\/v2\/pages\/472\/revisions\/1867"}],"up":[{"embeddable":true,"href":"https:\/\/hkessen.de\/index.php?rest_route=\/wp\/v2\/pages\/450"}],"wp:attachment":[{"href":"https:\/\/hkessen.de\/index.php?rest_route=%2Fwp%2Fv2%2Fmedia&parent=472"}],"curies":[{"name":"wp","href":"https:\/\/api.w.org\/{rel}","templated":true}]}}