{"id":459,"date":"2019-01-31T11:33:52","date_gmt":"2019-01-31T10:33:52","guid":{"rendered":"http:\/\/hkessen.com\/?page_id=459"},"modified":"2023-10-25T10:58:45","modified_gmt":"2023-10-25T08:58:45","slug":"vereine","status":"publish","type":"page","link":"https:\/\/hkessen.de\/?page_id=459","title":{"rendered":"Vereine im HKE"},"content":{"rendered":"\n<p><a href=\"https:\/\/www.tusemessen.de\">TuSEM Essen<\/a><\/p>\n\n\n\n<p><a href=\"https:\/\/scphb.de\/\">SC Ph\u00f6nix Essen<\/a><\/p>\n\n\n\n<p><a href=\"https:\/\/sgueberruhr.de\/\" target=\"_blank\" rel=\"noreferrer noopener\">SG \u00dcberruhr<\/a><\/p>\n\n\n\n<p><a href=\"https:\/\/www.tvcronenberg.de\/\">TV Cronenberg<\/a><\/p>\n\n\n\n<p><a href=\"https:\/\/etb-handball.de\/\">ETB Schwarz-Wei\u00df Essen<\/a><\/p>\n\n\n\n<p><a href=\"https:\/\/altendorf09.de\/\">DJK Altendorf 09<\/a><\/p>\n\n\n\n<p><a href=\"https:\/\/kettwigersv.de\/handball.html\">Kettwiger SV 70\/86<\/a><\/p>\n\n\n\n<p><a href=\"https:\/\/werden-handball.de\/\">DJK Gr\u00fcn-Wei\u00df Werden<\/a><\/p>\n\n\n\n<p><a href=\"https:\/\/www.sus-haarzopf.de\">SuS Essen-Haarzopf<\/a><\/p>\n\n\n\n<p><a href=\"https:\/\/winfried-huttrop.de\">DJK Winfried Huttrop<\/a><\/p>\n\n\n\n<p><a href=\"https:\/\/mtg-horst.de\/\">MTG Horst Essen<\/a><\/p>\n\n\n\n<p><a href=\"https:\/\/www.hsg-am-hallo.de\/\">HSG am Hallo Essen<\/a><\/p>\n\n\n\n<p><a href=\"https:\/\/www.tura-altendorf.de\/\">SG TuRa Altendorf Essen<\/a><\/p>\n\n\n\n<p><a href=\"https:\/\/www.sg1-altendorfruhr.de\/\">SG1 Burgaltendorf\/Kupferdreh<\/a><\/p>\n","protected":false},"excerpt":{"rendered":"<p>TuSEM Essen SC Ph\u00f6nix Essen SG \u00dcberruhr TV Cronenberg ETB Schwarz-Wei\u00df Essen DJK Altendorf 09 Kettwiger SV 70\/86 DJK Gr\u00fcn-Wei\u00df Werden SuS Essen-Haarzopf DJK Winfried Huttrop MTG Horst Essen HSG [&hellip;]<\/p>\n","protected":false},"author":1,"featured_media":0,"parent":450,"menu_order":0,"comment_status":"closed","ping_status":"closed","template":"","meta":{"footnotes":""},"class_list":["post-459","page","type-page","status-publish","hentry"],"_links":{"self":[{"href":"https:\/\/hkessen.de\/index.php?rest_route=\/wp\/v2\/pages\/459","targetHints":{"allow":["GET"]}}],"collection":[{"href":"https:\/\/hkessen.de\/index.php?rest_route=\/wp\/v2\/pages"}],"about":[{"href":"https:\/\/hkessen.de\/index.php?rest_route=\/wp\/v2\/types\/page"}],"author":[{"embeddable":true,"href":"https:\/\/hkessen.de\/index.php?rest_route=\/wp\/v2\/users\/1"}],"replies":[{"embeddable":true,"href":"https:\/\/hkessen.de\/index.php?rest_route=%2Fwp%2Fv2%2Fcomments&post=459"}],"version-history":[{"count":8,"href":"https:\/\/hkessen.de\/index.php?rest_route=\/wp\/v2\/pages\/459\/revisions"}],"predecessor-version":[{"id":1796,"href":"https:\/\/hkessen.de\/index.php?rest_route=\/wp\/v2\/pages\/459\/revisions\/1796"}],"up":[{"embeddable":true,"href":"https:\/\/hkessen.de\/index.php?rest_route=\/wp\/v2\/pages\/450"}],"wp:attachment":[{"href":"https:\/\/hkessen.de\/index.php?rest_route=%2Fwp%2Fv2%2Fmedia&parent=459"}],"curies":[{"name":"wp","href":"https:\/\/api.w.org\/{rel}","templated":true}]}}