{"id":339,"date":"2019-01-30T15:58:17","date_gmt":"2019-01-30T14:58:17","guid":{"rendered":"http:\/\/hkessen.com\/?page_id=339"},"modified":"2023-10-25T11:00:59","modified_gmt":"2023-10-25T09:00:59","slug":"datenschutz","status":"publish","type":"page","link":"https:\/\/hkessen.de\/?page_id=339","title":{"rendered":"Datenschutz"},"content":{"rendered":"\n<p>Die Betreiber dieser Seiten nehmen den Schutz Ihrer pers\u00f6nlichen \nDaten sehr ernst. Wir behandeln Ihre personenbezogenen Daten vertraulich\n und entsprechend der gesetzlichen Datenschutzvorschriften sowie dieser \nDatenschutzerkl\u00e4rung.<\/p>\n\n\n\n<p>Die Nutzung unserer Website ist in der Regel ohne Angabe \npersonenbezogener Daten m\u00f6glich. Soweit auf unseren Seiten \npersonenbezogene Daten (beispielsweise Name, Anschrift oder \nE-Mail-Adressen) erhoben werden, erfolgt dies, soweit m\u00f6glich, stets auf\n freiwilliger Basis. Diese Daten werden ohne Ihre ausdr\u00fcckliche \nZustimmung nicht an Dritte weitergegeben.<\/p>\n\n\n\n<p>Wir weisen darauf hin, dass die Daten\u00fcbertragung im Internet (z.B. \nbei der Kommunikation per E-Mail) Sicherheitsl\u00fccken aufweisen kann. Ein \nl\u00fcckenloser Schutz der Daten vor dem Zugriff durch Dritte ist nicht \nm\u00f6glich.<\/p>\n\n\n\n<p><strong>Cookies<\/strong><\/p>\n\n\n\n<p>Die Internetseiten verwenden teilweise so genannte Cookies. Cookies \nrichten auf Ihrem Rechner keinen Schaden an und enthalten keine Viren. \nCookies dienen dazu, unser Angebot nutzerfreundlicher, effektiver und \nsicherer zu machen. Cookies sind kleine Textdateien, die auf Ihrem \nRechner abgelegt werden und die Ihr Browser speichert.<\/p>\n\n\n\n<p>Die meisten der von uns verwendeten Cookies sind so genannte \n\u201eSession-Cookies\u201c. Sie werden nach Ende Ihres Besuchs automatisch \ngel\u00f6scht. Andere Cookies bleiben auf Ihrem Endger\u00e4t gespeichert, bis Sie\n diese l\u00f6schen. Diese Cookies erm\u00f6glichen es uns, Ihren Browser beim \nn\u00e4chsten Besuch wiederzuerkennen.<\/p>\n\n\n\n<p>Sie k\u00f6nnen Ihren Browser so einstellen, dass Sie \u00fcber das Setzen von \nCookies informiert werden und Cookies nur im Einzelfall erlauben, die \nAnnahme von Cookies f\u00fcr bestimmte F\u00e4lle oder generell ausschlie\u00dfen sowie\n das automatische L\u00f6schen der Cookies beim Schlie\u00dfen des Browser \naktivieren. Bei der Deaktivierung von Cookies kann die Funktionalit\u00e4t \ndieser Website eingeschr\u00e4nkt sein.<\/p>\n\n\n\n<p><strong>Server-Log-Files<\/strong><\/p>\n\n\n\n<p>Der Provider der Seiten erhebt und speichert automatisch \nInformationen in so genannten Server-Log Files, die Ihr Browser \nautomatisch an uns \u00fcbermittelt. Dies sind:<\/p>\n\n\n\n<ul class=\"wp-block-list\"><li>Browsertyp und Browserversion<\/li><li>verwendetes Betriebssystem<\/li><li>Referrer URL<\/li><li>Hostname des zugreifenden Rechners<\/li><li>Uhrzeit der Serveranfrage<\/li><\/ul>\n\n\n\n<p>Diese Daten sind nicht bestimmten Personen zuordenbar. Eine \nZusammenf\u00fchrung dieser Daten mit anderen Datenquellen wird nicht \nvorgenommen. Wir behalten uns vor, diese Daten nachtr\u00e4glich zu pr\u00fcfen, \nwenn uns konkrete Anhaltspunkte f\u00fcr eine rechtswidrige Nutzung bekannt \nwerden.<\/p>\n\n\n\n<p><strong>Kontaktformular<\/strong><\/p>\n\n\n\n<p>Wenn Sie uns per Kontaktformular Anfragen zukommen lassen, werden \nIhre Angaben aus dem Anfrageformular inklusive der von Ihnen dort \nangegebenen Kontaktdaten zwecks Bearbeitung der Anfrage und f\u00fcr den Fall\n von Anschlussfragen bei uns gespeichert. Diese Daten geben wir nicht \nohne Ihre Einwilligung weiter.<\/p>\n","protected":false},"excerpt":{"rendered":"<p>Die Betreiber dieser Seiten nehmen den Schutz Ihrer pers\u00f6nlichen Daten sehr ernst. Wir behandeln Ihre personenbezogenen Daten vertraulich und entsprechend der gesetzlichen Datenschutzvorschriften sowie dieser Datenschutzerkl\u00e4rung. Die Nutzung unserer Website [&hellip;]<\/p>\n","protected":false},"author":1,"featured_media":0,"parent":10,"menu_order":0,"comment_status":"closed","ping_status":"closed","template":"","meta":{"footnotes":""},"class_list":["post-339","page","type-page","status-publish","hentry"],"_links":{"self":[{"href":"https:\/\/hkessen.de\/index.php?rest_route=\/wp\/v2\/pages\/339","targetHints":{"allow":["GET"]}}],"collection":[{"href":"https:\/\/hkessen.de\/index.php?rest_route=\/wp\/v2\/pages"}],"about":[{"href":"https:\/\/hkessen.de\/index.php?rest_route=\/wp\/v2\/types\/page"}],"author":[{"embeddable":true,"href":"https:\/\/hkessen.de\/index.php?rest_route=\/wp\/v2\/users\/1"}],"replies":[{"embeddable":true,"href":"https:\/\/hkessen.de\/index.php?rest_route=%2Fwp%2Fv2%2Fcomments&post=339"}],"version-history":[{"count":2,"href":"https:\/\/hkessen.de\/index.php?rest_route=\/wp\/v2\/pages\/339\/revisions"}],"predecessor-version":[{"id":1661,"href":"https:\/\/hkessen.de\/index.php?rest_route=\/wp\/v2\/pages\/339\/revisions\/1661"}],"up":[{"embeddable":true,"href":"https:\/\/hkessen.de\/index.php?rest_route=\/wp\/v2\/pages\/10"}],"wp:attachment":[{"href":"https:\/\/hkessen.de\/index.php?rest_route=%2Fwp%2Fv2%2Fmedia&parent=339"}],"curies":[{"name":"wp","href":"https:\/\/api.w.org\/{rel}","templated":true}]}}