{"id":1798,"date":"2023-10-25T10:54:39","date_gmt":"2023-10-25T08:54:39","guid":{"rendered":"https:\/\/hkessen.de\/?page_id=1798"},"modified":"2023-11-27T15:47:22","modified_gmt":"2023-11-27T14:47:22","slug":"jugend-auswahlwesen","status":"publish","type":"page","link":"https:\/\/hkessen.de\/?page_id=1798","title":{"rendered":"Jugend + Auswahlwesen"},"content":{"rendered":"\n<p><\/p>\n\n\n\n<p><strong><a href=\"https:\/\/hkessen.de\/?cat=8\" data-type=\"link\" data-id=\"https:\/\/hkessen.de\/?cat=8\">Jugend-News<\/a><\/strong><\/p>\n\n\n<ul class=\"wp-block-latest-posts__list wp-block-latest-posts\"><\/ul>\n\n\n<div class=\"wp-block-group is-nowrap is-layout-flex wp-container-core-group-is-layout-ad2f72ca wp-block-group-is-layout-flex\">\n<p><strong><a href=\"https:\/\/hkessen.de\/?page_id=1803\" data-type=\"link\" data-id=\"https:\/\/hkessen.de\/?page_id=1803\">Auswahlwesen<\/a><\/strong><\/p>\n<\/div>\n\n\n<ul class=\"wp-block-latest-posts__list wp-block-latest-posts\"><li><a class=\"wp-block-latest-posts__post-title\" href=\"https:\/\/hkessen.de\/?p=1845\">HNR-Sichtung f\u00fcr m2010<\/a><div class=\"wp-block-latest-posts__post-excerpt\">Die Sichtungstermine f\u00fcr m2010 und w2012 sind vom HNR bekannt gegeben worden. Ansonsten ist die Einladung des HNR aussagekr\u00e4ftig genug. Die Anmeldung wollen wir zentral \u00fcber den Handballkreis regeln.<\/div><\/li>\n<li><a class=\"wp-block-latest-posts__post-title\" href=\"https:\/\/hkessen.de\/?p=1824\">Mitarbeit im Auswahlwesen<\/a><div class=\"wp-block-latest-posts__post-excerpt\">Liebe Trainerinnen und Trainer, wir suchen engagierte Trainer f\u00fcr die Mitarbeit im Auswahlwesen und die Ausbildung unserer Jugend in Essen. Das HK-Auswahlwesen soll die Spieler\/-innen des Handballkreises Essen f\u00f6rdern und auf die Sichtungen des Handballverbands Nordrhein vorbereiten. Dazu sollen die Kreisauswahlmannschaften mindestens zweimal im Monat (montags) handballerisch trainieren. Wir suchen Trainerinnen und Trainer mit folgendem\u2026\u00a0<a class=\"wp-block-latest-posts__read-more\" href=\"https:\/\/hkessen.de\/?p=1824\" rel=\"noopener noreferrer\"><span class=\"screen-reader-text\">Mitarbeit im Auswahlwesen <\/span>weiterlesen<\/a><\/div><\/li>\n<\/ul>","protected":false},"excerpt":{"rendered":"<p>Jugend-News Auswahlwesen<\/p>\n","protected":false},"author":8,"featured_media":0,"parent":0,"menu_order":0,"comment_status":"closed","ping_status":"closed","template":"","meta":{"footnotes":""},"class_list":["post-1798","page","type-page","status-publish","hentry"],"_links":{"self":[{"href":"https:\/\/hkessen.de\/index.php?rest_route=\/wp\/v2\/pages\/1798","targetHints":{"allow":["GET"]}}],"collection":[{"href":"https:\/\/hkessen.de\/index.php?rest_route=\/wp\/v2\/pages"}],"about":[{"href":"https:\/\/hkessen.de\/index.php?rest_route=\/wp\/v2\/types\/page"}],"author":[{"embeddable":true,"href":"https:\/\/hkessen.de\/index.php?rest_route=\/wp\/v2\/users\/8"}],"replies":[{"embeddable":true,"href":"https:\/\/hkessen.de\/index.php?rest_route=%2Fwp%2Fv2%2Fcomments&post=1798"}],"version-history":[{"count":3,"href":"https:\/\/hkessen.de\/index.php?rest_route=\/wp\/v2\/pages\/1798\/revisions"}],"predecessor-version":[{"id":1828,"href":"https:\/\/hkessen.de\/index.php?rest_route=\/wp\/v2\/pages\/1798\/revisions\/1828"}],"wp:attachment":[{"href":"https:\/\/hkessen.de\/index.php?rest_route=%2Fwp%2Fv2%2Fmedia&parent=1798"}],"curies":[{"name":"wp","href":"https:\/\/api.w.org\/{rel}","templated":true}]}}