{"id":10,"date":"2019-01-29T21:33:11","date_gmt":"2019-01-29T21:33:11","guid":{"rendered":"http:\/\/hkessen.com\/?page_id=10"},"modified":"2019-02-11T21:20:36","modified_gmt":"2019-02-11T20:20:36","slug":"ueber-uns","status":"publish","type":"page","link":"https:\/\/hkessen.de\/?page_id=10","title":{"rendered":"\u00dcber uns"},"content":{"rendered":"\n<p>Im Herzen des Ruhrgebiets ist der Handballkreis Essen e.V. beheimatet.<\/p>\n\n\n\n<p><\/p>\n\n\n\n<p>Vor allem bekannt durch die Erfolge des TuSEM, ist der Handballkreis aber auch durch die weiteren Essener Vereine auf Landes- und Kreisebene vertreten.<\/p>\n\n\n\n<p>Neben 14 Vereinen, nehmen drei Spielgemeinschaften am Spielbetrieb teil. Zus\u00e4tzlich ist eine Jugendspielgemeinschaft im Stadtgebiet beheimatet.<\/p>\n\n\n\n<p>Mit 141 Mannschaften, davon 60 Senioren- und 81 Jugendmannschaften, ist der Handballkreis Essen e.V. einer der gr\u00f6\u00dften Kreise im Handballverband Niederrhein.<\/p>\n\n\n\n<p>Von den insgesamt 60 Seniorenmannschaften (16 Damenmannschaften, 44 Herrenmannschaften) vertreten 7 Frauen- und 11 M\u00e4nnerteams den Handballkreis auf Landes- und Bundesebene &#8211; von der Landesliga bis zur Bundesliga.<\/p>\n\n\n\n<p>Auch im Jugendbereich wird der Handballkreis \u00fcber die Stadtgrenzen hinaus auf Landes- und Bundesebene durch 9 Jungenmannschaften und einer M\u00e4dchenmannschaft vertreten.<\/p>\n\n\n\n<p>Entgegen des bundesweiten R\u00fcckgangs der Melde- und Mitgliederzahlen, wirkt der Handballkreis Essen e.V. diesem seit Jahren erfolgreich entgegen:<\/p>\n\n\n\n<p>Mit der Durchf\u00fchrung zahlreicher Miniturniere wird der Handballsport bereits den J\u00fcngsten n\u00e4her gebracht, f\u00fcr die Senioren ist das mittlerweile traditionelle Pokal-Final4 ein echtes Saisonhighlight auf Kreisebene.<br><\/p>\n\n\n\n<p><\/p>\n","protected":false},"excerpt":{"rendered":"<p>Im Herzen des Ruhrgebiets ist der Handballkreis Essen e.V. beheimatet. Vor allem bekannt durch die Erfolge des TuSEM, ist der Handballkreis aber auch durch die weiteren Essener Vereine auf Landes- [&hellip;]<\/p>\n","protected":false},"author":1,"featured_media":0,"parent":0,"menu_order":0,"comment_status":"closed","ping_status":"closed","template":"","meta":{"footnotes":""},"class_list":["post-10","page","type-page","status-publish","hentry"],"_links":{"self":[{"href":"https:\/\/hkessen.de\/index.php?rest_route=\/wp\/v2\/pages\/10","targetHints":{"allow":["GET"]}}],"collection":[{"href":"https:\/\/hkessen.de\/index.php?rest_route=\/wp\/v2\/pages"}],"about":[{"href":"https:\/\/hkessen.de\/index.php?rest_route=\/wp\/v2\/types\/page"}],"author":[{"embeddable":true,"href":"https:\/\/hkessen.de\/index.php?rest_route=\/wp\/v2\/users\/1"}],"replies":[{"embeddable":true,"href":"https:\/\/hkessen.de\/index.php?rest_route=%2Fwp%2Fv2%2Fcomments&post=10"}],"version-history":[{"count":5,"href":"https:\/\/hkessen.de\/index.php?rest_route=\/wp\/v2\/pages\/10\/revisions"}],"predecessor-version":[{"id":599,"href":"https:\/\/hkessen.de\/index.php?rest_route=\/wp\/v2\/pages\/10\/revisions\/599"}],"wp:attachment":[{"href":"https:\/\/hkessen.de\/index.php?rest_route=%2Fwp%2Fv2%2Fmedia&parent=10"}],"curies":[{"name":"wp","href":"https:\/\/api.w.org\/{rel}","templated":true}]}}